{"id":236,"date":"2021-06-01T01:01:39","date_gmt":"2021-05-31T23:01:39","guid":{"rendered":"https:\/\/www.ecoweb.com.co\/nueva\/?page_id=236"},"modified":"2025-09-12T02:08:06","modified_gmt":"2025-09-11T14:38:06","slug":"nuestra-empresa","status":"publish","type":"page","link":"https:\/\/www.transmebacarga.com\/?page_id=236","title":{"rendered":"Nuestra Empresa"},"content":{"rendered":"<p>[vc_row full_width=\u00bbstretch_row_content_no_spaces\u00bb][vc_column][rev_slider_vc alias=\u00bbSomos\u00bb][\/vc_column][\/vc_row][vc_row content_placement=\u00bbmiddle\u00bb css=\u00bb.vc_custom_1622502396702{padding-top: 80px !important;padding-bottom: 80px !important;}\u00bb][vc_column][vc_row_inner content_placement=\u00bbmiddle\u00bb][vc_column_inner width=\u00bb1\/2&#8243;][vc_column_text]<\/p>\n<h1 class=\"text-md text-bolder\" style=\"color: #195ba8; font-size: 20pt !important;\">Nuestra Empresa<\/h1>\n<h1 class=\"text-md text-bolder\" style=\"color: #e00913; font-size: 14pt !important;\">Transmeba Carga S.A.S<\/h1>\n<p style=\"text-align: justify;\">Calidad y la responsabilidad. Disponemos de personal comprometido y capaz de generar valor a nuestros clientes, ayudando as\u00ed con el desarrollo econ\u00f3mico y social del pa\u00eds.<\/p>\n<p style=\"text-align: justify;\">Brindar a nuestros clientes un compromiso de seguridad, adoptando medidas de administraci\u00f3n del riesgo en el transporte, donde se propende la participaci\u00f3n de clientes, autoridades, organizaci\u00f3n BASC, implementando procedimientos, controles de seguridad, trazabilidad en las operaciones efectuadas, que facilitan el apoyo en la lucha contra el contrabando, el narcotr\u00e1fico y terrorismo, que ponen en peligro el normal desempe\u00f1o o labor de la empresa, as\u00ed como los intereses de nuestros asociados y los nuestros.<\/p>\n<p>[\/vc_column_text][\/vc_column_inner][vc_column_inner width=\u00bb1\/2&#8243;][vc_column_text]<div  id=\"jtg-442\" class=\"modula modula-gallery modula-creative-gallery\" data-config=\"{&quot;height&quot;:400,&quot;tabletHeight&quot;:400,&quot;mobileHeight&quot;:400,&quot;desktopHeight&quot;:400,&quot;enableTwitter&quot;:false,&quot;enableWhatsapp&quot;:false,&quot;enableFacebook&quot;:false,&quot;enablePinterest&quot;:false,&quot;enableLinkedin&quot;:false,&quot;enableEmail&quot;:false,&quot;randomFactor&quot;:0.5,&quot;type&quot;:&quot;creative-gallery&quot;,&quot;columns&quot;:12,&quot;gutter&quot;:10,&quot;mobileGutter&quot;:10,&quot;tabletGutter&quot;:10,&quot;desktopGutter&quot;:10,&quot;enableResponsive&quot;:&quot;0&quot;,&quot;tabletColumns&quot;:&quot;2&quot;,&quot;mobileColumns&quot;:&quot;1&quot;,&quot;lazyLoad&quot;:0,&quot;lightboxOpts&quot;:{&quot;animated&quot;:true,&quot;Thumbs&quot;:{&quot;type&quot;:&quot;modern&quot;,&quot;showOnStart&quot;:false},&quot;Toolbar&quot;:{&quot;display&quot;:{&quot;right&quot;:[&quot;close&quot;]},&quot;enabled&quot;:true},&quot;Carousel&quot;:{&quot;Panzoom&quot;:{&quot;touch&quot;:true},&quot;infinite&quot;:false},&quot;keyboard&quot;:{&quot;Escape&quot;:&quot;close&quot;,&quot;Delete&quot;:&quot;close&quot;,&quot;Backspace&quot;:&quot;close&quot;,&quot;PageUp&quot;:false,&quot;PageDown&quot;:false,&quot;ArrowUp&quot;:false,&quot;ArrowDown&quot;:false,&quot;ArrowRight&quot;:false,&quot;ArrowLeft&quot;:false},&quot;touch&quot;:false,&quot;backdropClick&quot;:false,&quot;l10n&quot;:{&quot;CLOSE&quot;:&quot;Close&quot;,&quot;NEXT&quot;:&quot;Next&quot;,&quot;PREV&quot;:&quot;Previous&quot;,&quot;Error&quot;:&quot;The requested content cannot be loaded. Please try again later.&quot;,&quot;PLAY_START&quot;:&quot;Start slideshow&quot;,&quot;PLAY_STOP&quot;:&quot;Pause slideshow&quot;,&quot;FULL_SCREEN&quot;:&quot;Full screen&quot;,&quot;THUMBS&quot;:&quot;Thumbnails&quot;,&quot;DOWNLOAD&quot;:&quot;Download&quot;,&quot;SHARE&quot;:&quot;Share&quot;,&quot;ZOOM&quot;:&quot;Zoom&quot;,&quot;EMAIL&quot;:&quot;Here is the link to the image : %%image_link%% and this is the link to the gallery : %%gallery_link%%&quot;,&quot;MODAL&quot;:&quot;You can close this modal content with the ESC key&quot;,&quot;ERROR&quot;:&quot;Something Went Wrong, Please Try Again Later&quot;,&quot;IMAGE_ERROR&quot;:&quot;Image Not Found&quot;,&quot;ELEMENT_NOT_FOUND&quot;:&quot;HTML Element Not Found&quot;,&quot;AJAX_NOT_FOUND&quot;:&quot;Error Loading AJAX : Not Found&quot;,&quot;AJAX_FORBIDDEN&quot;:&quot;Error Loading AJAX : Forbidden&quot;,&quot;IFRAME_ERROR&quot;:&quot;Error Loading Page&quot;,&quot;TOGGLE_ZOOM&quot;:&quot;Toggle zoom level&quot;,&quot;TOGGLE_THUMBS&quot;:&quot;Toggle thumbnails&quot;,&quot;TOGGLE_SLIDESHOW&quot;:&quot;Toggle slideshow&quot;,&quot;TOGGLE_FULLSCREEN&quot;:&quot;Toggle full-screen mode&quot;},&quot;Images&quot;:{&quot;Panzoom&quot;:{&quot;maxScale&quot;:2}},&quot;mainClass&quot;:&quot;modula-fancybox-container modula-lightbox-jtg-442&quot;,&quot;Html&quot;:{&quot;videoAutoplay&quot;:0,&quot;videoTpl&quot;:&quot;&lt;video class=\\&quot;fancybox__html5video\\&quot; controls muted playsinline controlsList controlsList=\\&quot;nodownload\\&quot; poster=\\&quot;{{poster}}\\&quot; src=\\&quot;{{src}}\\&quot; type=\\&quot;{{format}}\\&quot; &gt;  Sorry, your browser doesn&#039;t support embedded videos, &lt;a href=\\&quot;{{src}}\\&quot;&gt; download &lt;\\\/a&gt; and watch with your favorite video player! &lt;\\\/video&gt;&quot;}},&quot;inView&quot;:false,&quot;email_subject&quot;:&quot;Check out this awesome image !!&quot;,&quot;email_message&quot;:&quot;Here is the link to the image : %%image_link%% and this is the link to the gallery : %%gallery_link%%&quot;,&quot;lightbox&quot;:&quot;fancybox&quot;}\">\n\n\t\n\t<div  class=\"modula-items\">\n\t\t<div class=\"modula-item\" >\n\t<div class=\"modula-item-content\">\n\t\t\n\t\t\t\t\t<a data-image-id=\"513\" role=\"button\" tabindex=\"0\" rel=\"jtg-442\" data-caption=\"\" aria-label=\"Open image in lightbox\" class=\"tile-inner modula-item-link\"><\/a>\n\t\t\n\t\t<img loading=\"lazy\" decoding=\"async\" class=\"pic wp-image-513\"  data-valign=\"middle\" data-halign=\"center\" alt=\"\" data-full=\"https:\/\/www.transmebacarga.com\/wp-content\/uploads\/2023\/09\/Saber-mas-1.jpeg\" title=\"Saber m\u00e1s 1\" crop=\"\" width=\"300\" height=\"135\" src=\"https:\/\/www.transmebacarga.com\/wp-content\/uploads\/2023\/09\/Saber-mas-1-300x135.jpeg\" data-src=\"https:\/\/www.transmebacarga.com\/wp-content\/uploads\/2023\/09\/Saber-mas-1-300x135.jpeg\" data-caption=\"\" srcset=\"https:\/\/www.transmebacarga.com\/wp-content\/uploads\/2023\/09\/Saber-mas-1.jpeg 1280w, https:\/\/www.transmebacarga.com\/wp-content\/uploads\/2023\/09\/Saber-mas-1-300x135.jpeg 300w, https:\/\/www.transmebacarga.com\/wp-content\/uploads\/2023\/09\/Saber-mas-1-1024x461.jpeg 1024w, https:\/\/www.transmebacarga.com\/wp-content\/uploads\/2023\/09\/Saber-mas-1-768x346.jpeg 768w\" sizes=\"auto, (max-width: 300px) 100vw, 300px\" \/>\n\t<\/div>\n\n<\/div><div class=\"modula-item\" >\n\t<div class=\"modula-item-content\">\n\t\t\n\t\t\t\t\t<a data-image-id=\"514\" role=\"button\" tabindex=\"0\" rel=\"jtg-442\" data-caption=\"\" aria-label=\"Open image in lightbox\" class=\"tile-inner modula-item-link\"><\/a>\n\t\t\n\t\t<img loading=\"lazy\" decoding=\"async\" class=\"pic wp-image-514\"  data-valign=\"middle\" data-halign=\"center\" alt=\"\" data-full=\"https:\/\/www.transmebacarga.com\/wp-content\/uploads\/2023\/09\/Saber-mas-2.jpeg\" title=\"Saber m\u00e1s 2\" crop=\"\" width=\"300\" height=\"225\" src=\"https:\/\/www.transmebacarga.com\/wp-content\/uploads\/2023\/09\/Saber-mas-2-300x225.jpeg\" data-src=\"https:\/\/www.transmebacarga.com\/wp-content\/uploads\/2023\/09\/Saber-mas-2-300x225.jpeg\" data-caption=\"\" srcset=\"https:\/\/www.transmebacarga.com\/wp-content\/uploads\/2023\/09\/Saber-mas-2.jpeg 1040w, https:\/\/www.transmebacarga.com\/wp-content\/uploads\/2023\/09\/Saber-mas-2-300x225.jpeg 300w, https:\/\/www.transmebacarga.com\/wp-content\/uploads\/2023\/09\/Saber-mas-2-1024x768.jpeg 1024w, https:\/\/www.transmebacarga.com\/wp-content\/uploads\/2023\/09\/Saber-mas-2-768x576.jpeg 768w\" sizes=\"auto, (max-width: 300px) 100vw, 300px\" \/>\n\t<\/div>\n\n<\/div><div class=\"modula-item\" >\n\t<div class=\"modula-item-content\">\n\t\t\n\t\t\t\t\t<a data-image-id=\"515\" role=\"button\" tabindex=\"0\" rel=\"jtg-442\" data-caption=\"\" aria-label=\"Open image in lightbox\" class=\"tile-inner modula-item-link\"><\/a>\n\t\t\n\t\t<img loading=\"lazy\" decoding=\"async\" class=\"pic wp-image-515\"  data-valign=\"middle\" data-halign=\"center\" alt=\"\" data-full=\"https:\/\/www.transmebacarga.com\/wp-content\/uploads\/2023\/09\/Saber-mas-3.jpeg\" title=\"Saber m\u00e1s 3\" crop=\"\" width=\"169\" height=\"300\" src=\"https:\/\/www.transmebacarga.com\/wp-content\/uploads\/2023\/09\/Saber-mas-3-169x300.jpeg\" data-src=\"https:\/\/www.transmebacarga.com\/wp-content\/uploads\/2023\/09\/Saber-mas-3-169x300.jpeg\" data-caption=\"\" srcset=\"https:\/\/www.transmebacarga.com\/wp-content\/uploads\/2023\/09\/Saber-mas-3.jpeg 900w, https:\/\/www.transmebacarga.com\/wp-content\/uploads\/2023\/09\/Saber-mas-3-169x300.jpeg 169w, https:\/\/www.transmebacarga.com\/wp-content\/uploads\/2023\/09\/Saber-mas-3-576x1024.jpeg 576w, https:\/\/www.transmebacarga.com\/wp-content\/uploads\/2023\/09\/Saber-mas-3-768x1365.jpeg 768w, https:\/\/www.transmebacarga.com\/wp-content\/uploads\/2023\/09\/Saber-mas-3-864x1536.jpeg 864w\" sizes=\"auto, (max-width: 169px) 100vw, 169px\" \/>\n\t<\/div>\n\n<\/div><div class=\"modula-item\" >\n\t<div class=\"modula-item-content\">\n\t\t\n\t\t\t\t\t<a data-image-id=\"516\" role=\"button\" tabindex=\"0\" rel=\"jtg-442\" data-caption=\"\" aria-label=\"Open image in lightbox\" class=\"tile-inner modula-item-link\"><\/a>\n\t\t\n\t\t<img loading=\"lazy\" decoding=\"async\" class=\"pic wp-image-516\"  data-valign=\"middle\" data-halign=\"center\" alt=\"\" data-full=\"https:\/\/www.transmebacarga.com\/wp-content\/uploads\/2023\/09\/Saber-mas-4.jpeg\" title=\"Saber m\u00e1s 4\" crop=\"\" width=\"225\" height=\"300\" src=\"https:\/\/www.transmebacarga.com\/wp-content\/uploads\/2023\/09\/Saber-mas-4-225x300.jpeg\" data-src=\"https:\/\/www.transmebacarga.com\/wp-content\/uploads\/2023\/09\/Saber-mas-4-225x300.jpeg\" data-caption=\"\" srcset=\"https:\/\/www.transmebacarga.com\/wp-content\/uploads\/2023\/09\/Saber-mas-4.jpeg 1200w, https:\/\/www.transmebacarga.com\/wp-content\/uploads\/2023\/09\/Saber-mas-4-225x300.jpeg 225w, https:\/\/www.transmebacarga.com\/wp-content\/uploads\/2023\/09\/Saber-mas-4-768x1024.jpeg 768w, https:\/\/www.transmebacarga.com\/wp-content\/uploads\/2023\/09\/Saber-mas-4-1152x1536.jpeg 1152w\" sizes=\"auto, (max-width: 225px) 100vw, 225px\" \/>\n\t<\/div>\n\n<\/div><div class=\"modula-item\" >\n\t<div class=\"modula-item-content\">\n\t\t\n\t\t\t\t\t<a data-image-id=\"517\" role=\"button\" tabindex=\"0\" rel=\"jtg-442\" data-caption=\"\" aria-label=\"Open image in lightbox\" class=\"tile-inner modula-item-link\"><\/a>\n\t\t\n\t\t<img loading=\"lazy\" decoding=\"async\" class=\"pic wp-image-517\"  data-valign=\"middle\" data-halign=\"center\" alt=\"\" data-full=\"https:\/\/www.transmebacarga.com\/wp-content\/uploads\/2023\/09\/Saber-mas-5.jpeg\" title=\"Saber m\u00e1s 5\" crop=\"\" width=\"300\" height=\"169\" src=\"https:\/\/www.transmebacarga.com\/wp-content\/uploads\/2023\/09\/Saber-mas-5-300x169.jpeg\" data-src=\"https:\/\/www.transmebacarga.com\/wp-content\/uploads\/2023\/09\/Saber-mas-5-300x169.jpeg\" data-caption=\"\" srcset=\"https:\/\/www.transmebacarga.com\/wp-content\/uploads\/2023\/09\/Saber-mas-5.jpeg 1280w, https:\/\/www.transmebacarga.com\/wp-content\/uploads\/2023\/09\/Saber-mas-5-300x169.jpeg 300w, https:\/\/www.transmebacarga.com\/wp-content\/uploads\/2023\/09\/Saber-mas-5-1024x576.jpeg 1024w, https:\/\/www.transmebacarga.com\/wp-content\/uploads\/2023\/09\/Saber-mas-5-768x432.jpeg 768w\" sizes=\"auto, (max-width: 300px) 100vw, 300px\" \/>\n\t<\/div>\n\n<\/div><div class=\"modula-item\" >\n\t<div class=\"modula-item-content\">\n\t\t\n\t\t\t\t\t<a data-image-id=\"518\" role=\"button\" tabindex=\"0\" rel=\"jtg-442\" data-caption=\"\" aria-label=\"Open image in lightbox\" class=\"tile-inner modula-item-link\"><\/a>\n\t\t\n\t\t<img loading=\"lazy\" decoding=\"async\" class=\"pic wp-image-518\"  data-valign=\"middle\" data-halign=\"center\" alt=\"\" data-full=\"https:\/\/www.transmebacarga.com\/wp-content\/uploads\/2023\/09\/Saber-mas-6.jpeg\" title=\"Saber m\u00e1s 6\" crop=\"\" width=\"300\" height=\"225\" src=\"https:\/\/www.transmebacarga.com\/wp-content\/uploads\/2023\/09\/Saber-mas-6-300x225.jpeg\" data-src=\"https:\/\/www.transmebacarga.com\/wp-content\/uploads\/2023\/09\/Saber-mas-6-300x225.jpeg\" data-caption=\"\" srcset=\"https:\/\/www.transmebacarga.com\/wp-content\/uploads\/2023\/09\/Saber-mas-6.jpeg 1156w, https:\/\/www.transmebacarga.com\/wp-content\/uploads\/2023\/09\/Saber-mas-6-300x225.jpeg 300w, https:\/\/www.transmebacarga.com\/wp-content\/uploads\/2023\/09\/Saber-mas-6-1024x769.jpeg 1024w, https:\/\/www.transmebacarga.com\/wp-content\/uploads\/2023\/09\/Saber-mas-6-768x577.jpeg 768w\" sizes=\"auto, (max-width: 300px) 100vw, 300px\" \/>\n\t<\/div>\n\n<\/div><div class=\"modula-item\" >\n\t<div class=\"modula-item-content\">\n\t\t\n\t\t\t\t\t<a data-image-id=\"519\" role=\"button\" tabindex=\"0\" rel=\"jtg-442\" data-caption=\"\" aria-label=\"Open image in lightbox\" class=\"tile-inner modula-item-link\"><\/a>\n\t\t\n\t\t<img loading=\"lazy\" decoding=\"async\" class=\"pic wp-image-519\"  data-valign=\"middle\" data-halign=\"center\" alt=\"\" data-full=\"https:\/\/www.transmebacarga.com\/wp-content\/uploads\/2023\/09\/Saber-mas-7.jpeg\" title=\"Saber m\u00e1s 7\" crop=\"\" width=\"291\" height=\"300\" src=\"https:\/\/www.transmebacarga.com\/wp-content\/uploads\/2023\/09\/Saber-mas-7-291x300.jpeg\" data-src=\"https:\/\/www.transmebacarga.com\/wp-content\/uploads\/2023\/09\/Saber-mas-7-291x300.jpeg\" data-caption=\"\" srcset=\"https:\/\/www.transmebacarga.com\/wp-content\/uploads\/2023\/09\/Saber-mas-7.jpeg 1200w, https:\/\/www.transmebacarga.com\/wp-content\/uploads\/2023\/09\/Saber-mas-7-291x300.jpeg 291w, https:\/\/www.transmebacarga.com\/wp-content\/uploads\/2023\/09\/Saber-mas-7-993x1024.jpeg 993w, https:\/\/www.transmebacarga.com\/wp-content\/uploads\/2023\/09\/Saber-mas-7-768x792.jpeg 768w\" sizes=\"auto, (max-width: 291px) 100vw, 291px\" \/>\n\t<\/div>\n\n<\/div><div class=\"modula-item\" >\n\t<div class=\"modula-item-content\">\n\t\t\n\t\t\t\t\t<a data-image-id=\"520\" role=\"button\" tabindex=\"0\" rel=\"jtg-442\" data-caption=\"\" aria-label=\"Open image in lightbox\" class=\"tile-inner modula-item-link\"><\/a>\n\t\t\n\t\t<img loading=\"lazy\" decoding=\"async\" class=\"pic wp-image-520\"  data-valign=\"middle\" data-halign=\"center\" alt=\"\" data-full=\"https:\/\/www.transmebacarga.com\/wp-content\/uploads\/2023\/09\/Saber-mas-8.jpeg\" title=\"Saber m\u00e1s 8\" crop=\"\" width=\"225\" height=\"300\" src=\"https:\/\/www.transmebacarga.com\/wp-content\/uploads\/2023\/09\/Saber-mas-8-225x300.jpeg\" data-src=\"https:\/\/www.transmebacarga.com\/wp-content\/uploads\/2023\/09\/Saber-mas-8-225x300.jpeg\" data-caption=\"\" srcset=\"https:\/\/www.transmebacarga.com\/wp-content\/uploads\/2023\/09\/Saber-mas-8.jpeg 1128w, https:\/\/www.transmebacarga.com\/wp-content\/uploads\/2023\/09\/Saber-mas-8-225x300.jpeg 225w, https:\/\/www.transmebacarga.com\/wp-content\/uploads\/2023\/09\/Saber-mas-8-768x1024.jpeg 768w\" sizes=\"auto, (max-width: 225px) 100vw, 225px\" \/>\n\t<\/div>\n\n<\/div>\t\t\n\t<\/div>\n\n\t\n\t\n\t<script type=\"application\/ld+json\">\n\t{\n\t\t\"@context\": \"http:\/\/schema.org\",\n\t\t\"@type\"   : \"ImageGallery\",\n\t\t\"id\"      : \"https:\/\/www.transmebacarga.com\/?page_id=236\/\",\n\t\t\"url\"     : \"https:\/\/www.transmebacarga.com\/?page_id=236\/\"\n\t}\n\n\t<\/script>\n\n\t\n<\/div>\n[\/vc_column_text][\/vc_column_inner][\/vc_row_inner][vc_column_text css=\u00bb.vc_custom_1757600260988{padding-top: 30px !important;}\u00bb]<\/p>\n<h1 class=\"text-md text-bolder\" style=\"color: #195ba8; font-size: 20pt !important;\">Nuestra Historia<\/h1>\n<p style=\"text-align: justify;\">Identificada comercialmente con la sigla TMB Carga; somos una empresa que naci\u00f3 como filial de Transportes Medell\u00edn Barbosa. Fue creada pensando en hacer parte de la cadena del proceso log\u00edstico, dirigida al transporte de carga masiva y semi-masiva, luego de identificar necesidades puntuales y neur\u00e1lgicas en el transporte de carga como el cumplimiento, la seguridad, los precios justos, comunicaci\u00f3n asertiva y la oportunidad. Pensando en ello, formamos un equipo de trabajo comprometido, capacitado y complementario, que cuenta con elementos para el eficiente desarrollo de la actividad, tales como instalaciones f\u00edsicas, que nos permiten albergar la flota en la ciudad de Medell\u00edn y parqueaderos autorizados en las rutas y principales ciudades del pa\u00eds, entre otras.<\/p>\n<p>[\/vc_column_text][vc_column_text css=\u00bb.vc_custom_1757601482683{padding-top: 30px !important;}\u00bb]<\/p>\n<h1 class=\"text-md text-bolder\" style=\"color: #195ba8; font-size: 20pt !important;\">Nuestras Certificaciones<\/h1>\n<p><img loading=\"lazy\" decoding=\"async\" class=\"alignnone wp-image-640\" src=\"https:\/\/www.transmebacarga.com\/wp-content\/uploads\/2025\/09\/Captura-de-pantalla-2025-09-11-093658-300x241.png\" alt=\"\" width=\"173\" height=\"139\" srcset=\"https:\/\/www.transmebacarga.com\/wp-content\/uploads\/2025\/09\/Captura-de-pantalla-2025-09-11-093658-300x241.png 300w, https:\/\/www.transmebacarga.com\/wp-content\/uploads\/2025\/09\/Captura-de-pantalla-2025-09-11-093658-768x618.png 768w, https:\/\/www.transmebacarga.com\/wp-content\/uploads\/2025\/09\/Captura-de-pantalla-2025-09-11-093658.png 807w\" sizes=\"auto, (max-width: 173px) 100vw, 173px\" \/><img loading=\"lazy\" decoding=\"async\" class=\"alignnone wp-image-606\" src=\"https:\/\/www.transmebacarga.com\/wp-content\/uploads\/2025\/09\/LOGO-SIN-QR-ISO-45001-300x186.png\" alt=\"\" width=\"219\" height=\"136\" srcset=\"https:\/\/www.transmebacarga.com\/wp-content\/uploads\/2025\/09\/LOGO-SIN-QR-ISO-45001-300x186.png 300w, https:\/\/www.transmebacarga.com\/wp-content\/uploads\/2025\/09\/LOGO-SIN-QR-ISO-45001.png 422w\" sizes=\"auto, (max-width: 219px) 100vw, 219px\" \/>[\/vc_column_text][\/vc_column][\/vc_row]<\/p>\n","protected":false},"excerpt":{"rendered":"<p>[vc_row full_width=\u00bbstretch_row_content_no_spaces\u00bb][vc_column][rev_slider_vc alias=\u00bbSomos\u00bb][\/vc_column][\/vc_row][vc_row content_placement=\u00bbmiddle\u00bb css=\u00bb.vc_custom_1622502396702{padding-top: 80px !important;padding-bottom: 80px !important;}\u00bb][vc_column][vc_row_inner content_placement=\u00bbmiddle\u00bb][vc_column_inner width=\u00bb1\/2&#8243;][vc_column_text] Nuestra Empresa Transmeba Carga S.A.S Calidad y la responsabilidad&#8230;.<\/p>\n","protected":false},"author":1,"featured_media":0,"parent":0,"menu_order":0,"comment_status":"closed","ping_status":"closed","template":"","meta":{"footnotes":""},"class_list":["post-236","page","type-page","status-publish","hentry"],"yoast_head":"<!-- This site is optimized with the Yoast SEO plugin v27.4 - https:\/\/yoast.com\/product\/yoast-seo-wordpress\/ -->\n<title>Nuestra Empresa | Transmeba Carga<\/title>\n<meta name=\"robots\" content=\"noindex, follow, max-snippet:-1, max-image-preview:large, max-video-preview:-1\" \/>\n<meta property=\"og:locale\" content=\"es_ES\" \/>\n<meta property=\"og:type\" content=\"article\" \/>\n<meta property=\"og:title\" content=\"Nuestra Empresa | Transmeba Carga\" \/>\n<meta property=\"og:description\" content=\"[vc_row full_width=\u00bbstretch_row_content_no_spaces\u00bb][vc_column][rev_slider_vc alias=\u00bbSomos\u00bb][\/vc_column][\/vc_row][vc_row content_placement=\u00bbmiddle\u00bb css=\u00bb.vc_custom_1622502396702{padding-top: 80px !important;padding-bottom: 80px !important;}\u00bb][vc_column][vc_row_inner content_placement=\u00bbmiddle\u00bb][vc_column_inner width=\u00bb1\/2&#8243;][vc_column_text] Nuestra Empresa Transmeba Carga S.A.S Calidad y la responsabilidad....\" \/>\n<meta property=\"og:url\" content=\"https:\/\/www.transmebacarga.com\/?page_id=236\" \/>\n<meta property=\"og:site_name\" content=\"Transmeba Carga\" \/>\n<meta property=\"article:modified_time\" content=\"2025-09-11T14:38:06+00:00\" \/>\n<meta property=\"og:image\" content=\"https:\/\/www.transmebacarga.com\/wp-content\/uploads\/2025\/09\/Captura-de-pantalla-2025-09-11-093658-300x241.png\" \/>\n<meta name=\"twitter:card\" content=\"summary_large_image\" \/>\n<meta name=\"twitter:label1\" content=\"Tiempo de lectura\" \/>\n\t<meta name=\"twitter:data1\" content=\"2 minutos\" \/>\n<script type=\"application\/ld+json\" class=\"yoast-schema-graph\">{\"@context\":\"https:\\\/\\\/schema.org\",\"@graph\":[{\"@type\":\"WebPage\",\"@id\":\"https:\\\/\\\/www.transmebacarga.com\\\/?page_id=236\",\"url\":\"https:\\\/\\\/www.transmebacarga.com\\\/?page_id=236\",\"name\":\"Nuestra Empresa | Transmeba Carga\",\"isPartOf\":{\"@id\":\"https:\\\/\\\/www.transmebacarga.com\\\/#website\"},\"primaryImageOfPage\":{\"@id\":\"https:\\\/\\\/www.transmebacarga.com\\\/?page_id=236#primaryimage\"},\"image\":{\"@id\":\"https:\\\/\\\/www.transmebacarga.com\\\/?page_id=236#primaryimage\"},\"thumbnailUrl\":\"https:\\\/\\\/www.transmebacarga.com\\\/wp-content\\\/uploads\\\/2025\\\/09\\\/Captura-de-pantalla-2025-09-11-093658-300x241.png\",\"datePublished\":\"2021-05-31T23:01:39+00:00\",\"dateModified\":\"2025-09-11T14:38:06+00:00\",\"breadcrumb\":{\"@id\":\"https:\\\/\\\/www.transmebacarga.com\\\/?page_id=236#breadcrumb\"},\"inLanguage\":\"es\",\"potentialAction\":[{\"@type\":\"ReadAction\",\"target\":[\"https:\\\/\\\/www.transmebacarga.com\\\/?page_id=236\"]}]},{\"@type\":\"ImageObject\",\"inLanguage\":\"es\",\"@id\":\"https:\\\/\\\/www.transmebacarga.com\\\/?page_id=236#primaryimage\",\"url\":\"https:\\\/\\\/www.transmebacarga.com\\\/wp-content\\\/uploads\\\/2025\\\/09\\\/Captura-de-pantalla-2025-09-11-093658.png\",\"contentUrl\":\"https:\\\/\\\/www.transmebacarga.com\\\/wp-content\\\/uploads\\\/2025\\\/09\\\/Captura-de-pantalla-2025-09-11-093658.png\",\"width\":807,\"height\":649},{\"@type\":\"BreadcrumbList\",\"@id\":\"https:\\\/\\\/www.transmebacarga.com\\\/?page_id=236#breadcrumb\",\"itemListElement\":[{\"@type\":\"ListItem\",\"position\":1,\"name\":\"Portada\",\"item\":\"https:\\\/\\\/www.transmebacarga.com\\\/\"},{\"@type\":\"ListItem\",\"position\":2,\"name\":\"Nuestra Empresa\"}]},{\"@type\":\"WebSite\",\"@id\":\"https:\\\/\\\/www.transmebacarga.com\\\/#website\",\"url\":\"https:\\\/\\\/www.transmebacarga.com\\\/\",\"name\":\"Transmeba Carga\",\"description\":\"\",\"potentialAction\":[{\"@type\":\"SearchAction\",\"target\":{\"@type\":\"EntryPoint\",\"urlTemplate\":\"https:\\\/\\\/www.transmebacarga.com\\\/?s={search_term_string}\"},\"query-input\":{\"@type\":\"PropertyValueSpecification\",\"valueRequired\":true,\"valueName\":\"search_term_string\"}}],\"inLanguage\":\"es\"}]}<\/script>\n<!-- \/ Yoast SEO plugin. -->","yoast_head_json":{"title":"Nuestra Empresa | Transmeba Carga","robots":{"index":"noindex","follow":"follow","max-snippet":"max-snippet:-1","max-image-preview":"max-image-preview:large","max-video-preview":"max-video-preview:-1"},"og_locale":"es_ES","og_type":"article","og_title":"Nuestra Empresa | Transmeba Carga","og_description":"[vc_row full_width=\u00bbstretch_row_content_no_spaces\u00bb][vc_column][rev_slider_vc alias=\u00bbSomos\u00bb][\/vc_column][\/vc_row][vc_row content_placement=\u00bbmiddle\u00bb css=\u00bb.vc_custom_1622502396702{padding-top: 80px !important;padding-bottom: 80px !important;}\u00bb][vc_column][vc_row_inner content_placement=\u00bbmiddle\u00bb][vc_column_inner width=\u00bb1\/2&#8243;][vc_column_text] Nuestra Empresa Transmeba Carga S.A.S Calidad y la responsabilidad....","og_url":"https:\/\/www.transmebacarga.com\/?page_id=236","og_site_name":"Transmeba Carga","article_modified_time":"2025-09-11T14:38:06+00:00","og_image":[{"url":"https:\/\/www.transmebacarga.com\/wp-content\/uploads\/2025\/09\/Captura-de-pantalla-2025-09-11-093658-300x241.png","type":"","width":"","height":""}],"twitter_card":"summary_large_image","twitter_misc":{"Tiempo de lectura":"2 minutos"},"schema":{"@context":"https:\/\/schema.org","@graph":[{"@type":"WebPage","@id":"https:\/\/www.transmebacarga.com\/?page_id=236","url":"https:\/\/www.transmebacarga.com\/?page_id=236","name":"Nuestra Empresa | Transmeba Carga","isPartOf":{"@id":"https:\/\/www.transmebacarga.com\/#website"},"primaryImageOfPage":{"@id":"https:\/\/www.transmebacarga.com\/?page_id=236#primaryimage"},"image":{"@id":"https:\/\/www.transmebacarga.com\/?page_id=236#primaryimage"},"thumbnailUrl":"https:\/\/www.transmebacarga.com\/wp-content\/uploads\/2025\/09\/Captura-de-pantalla-2025-09-11-093658-300x241.png","datePublished":"2021-05-31T23:01:39+00:00","dateModified":"2025-09-11T14:38:06+00:00","breadcrumb":{"@id":"https:\/\/www.transmebacarga.com\/?page_id=236#breadcrumb"},"inLanguage":"es","potentialAction":[{"@type":"ReadAction","target":["https:\/\/www.transmebacarga.com\/?page_id=236"]}]},{"@type":"ImageObject","inLanguage":"es","@id":"https:\/\/www.transmebacarga.com\/?page_id=236#primaryimage","url":"https:\/\/www.transmebacarga.com\/wp-content\/uploads\/2025\/09\/Captura-de-pantalla-2025-09-11-093658.png","contentUrl":"https:\/\/www.transmebacarga.com\/wp-content\/uploads\/2025\/09\/Captura-de-pantalla-2025-09-11-093658.png","width":807,"height":649},{"@type":"BreadcrumbList","@id":"https:\/\/www.transmebacarga.com\/?page_id=236#breadcrumb","itemListElement":[{"@type":"ListItem","position":1,"name":"Portada","item":"https:\/\/www.transmebacarga.com\/"},{"@type":"ListItem","position":2,"name":"Nuestra Empresa"}]},{"@type":"WebSite","@id":"https:\/\/www.transmebacarga.com\/#website","url":"https:\/\/www.transmebacarga.com\/","name":"Transmeba Carga","description":"","potentialAction":[{"@type":"SearchAction","target":{"@type":"EntryPoint","urlTemplate":"https:\/\/www.transmebacarga.com\/?s={search_term_string}"},"query-input":{"@type":"PropertyValueSpecification","valueRequired":true,"valueName":"search_term_string"}}],"inLanguage":"es"}]}},"_links":{"self":[{"href":"https:\/\/www.transmebacarga.com\/index.php?rest_route=\/wp\/v2\/pages\/236","targetHints":{"allow":["GET"]}}],"collection":[{"href":"https:\/\/www.transmebacarga.com\/index.php?rest_route=\/wp\/v2\/pages"}],"about":[{"href":"https:\/\/www.transmebacarga.com\/index.php?rest_route=\/wp\/v2\/types\/page"}],"author":[{"embeddable":true,"href":"https:\/\/www.transmebacarga.com\/index.php?rest_route=\/wp\/v2\/users\/1"}],"replies":[{"embeddable":true,"href":"https:\/\/www.transmebacarga.com\/index.php?rest_route=%2Fwp%2Fv2%2Fcomments&post=236"}],"version-history":[{"count":4,"href":"https:\/\/www.transmebacarga.com\/index.php?rest_route=\/wp\/v2\/pages\/236\/revisions"}],"predecessor-version":[{"id":641,"href":"https:\/\/www.transmebacarga.com\/index.php?rest_route=\/wp\/v2\/pages\/236\/revisions\/641"}],"wp:attachment":[{"href":"https:\/\/www.transmebacarga.com\/index.php?rest_route=%2Fwp%2Fv2%2Fmedia&parent=236"}],"curies":[{"name":"wp","href":"https:\/\/api.w.org\/{rel}","templated":true}]}}