{"id":272,"date":"2021-06-01T01:55:00","date_gmt":"2021-05-31T23:55:00","guid":{"rendered":"https:\/\/www.ecoweb.com.co\/nueva\/?page_id=272"},"modified":"2025-09-11T14:07:49","modified_gmt":"2025-09-11T02:37:49","slug":"contactenos","status":"publish","type":"page","link":"https:\/\/www.transmebacarga.com\/?page_id=272","title":{"rendered":"Cont\u00e1ctenos"},"content":{"rendered":"<p>[vc_row full_width=\u00bbstretch_row_content_no_spaces\u00bb][vc_column][rev_slider_vc alias=\u00bbcontacto\u00bb][\/vc_column][\/vc_row][vc_row css=\u00bb.vc_custom_1627907448500{padding-top: 3% !important;padding-bottom: 3% !important;}\u00bb][vc_column]<div class=\"wpforms-container wpforms-container-full\" id=\"wpforms-586\"><form id=\"wpforms-form-586\" class=\"wpforms-validate wpforms-form wpforms-ajax-form\" data-formid=\"586\" method=\"post\" enctype=\"multipart\/form-data\" action=\"\/index.php?rest_route=%2Fwp%2Fv2%2Fpages%2F272\" data-token=\"b0cf3b6047a08b0d2474613fe6ab64c8\" data-token-time=\"1776380595\"><div class=\"wpforms-head-container\"><div class=\"wpforms-title\">Cont\u00e1ctenos<\/div><\/div><noscript class=\"wpforms-error-noscript\">Por favor, activa JavaScript en tu navegador para completar este formulario.<\/noscript><div class=\"wpforms-field-container\"><div id=\"wpforms-586-field_4-container\" class=\"wpforms-field wpforms-field-name\" data-field-id=\"4\"><label class=\"wpforms-field-label\">Informaci\u00f3n de Contacto <span class=\"wpforms-required-label\">*<\/span><\/label><div class=\"wpforms-field-row wpforms-field-medium\"><div class=\"wpforms-field-row-block wpforms-first wpforms-one-half\"><input type=\"text\" id=\"wpforms-586-field_4\" class=\"wpforms-field-name-first wpforms-field-required\" name=\"wpforms[fields][4][first]\" required><label for=\"wpforms-586-field_4\" class=\"wpforms-field-sublabel after\">Nombre<\/label><\/div><div class=\"wpforms-field-row-block wpforms-one-half\"><input type=\"text\" id=\"wpforms-586-field_4-last\" class=\"wpforms-field-name-last wpforms-field-required\" name=\"wpforms[fields][4][last]\" required><label for=\"wpforms-586-field_4-last\" class=\"wpforms-field-sublabel after\">Apellidos<\/label><\/div><\/div><\/div><div id=\"wpforms-586-field_3-container\" class=\"wpforms-field wpforms-field-email\" data-field-id=\"3\"><label class=\"wpforms-field-label\" for=\"wpforms-586-field_3\">Correo electr\u00f3nico <span class=\"wpforms-required-label\">*<\/span><\/label><input type=\"email\" id=\"wpforms-586-field_3\" class=\"wpforms-field-medium wpforms-field-required\" name=\"wpforms[fields][3]\" spellcheck=\"false\" required><\/div>\t\t<div id=\"wpforms-586-field_1-container\"\n\t\t\tclass=\"wpforms-field wpforms-field-text\"\n\t\t\tdata-field-type=\"text\"\n\t\t\tdata-field-id=\"1\"\n\t\t\t>\n\t\t\t<label class=\"wpforms-field-label\" for=\"wpforms-586-field_1\" >tratamiento pol\u00edtica Contacto<\/label>\n\t\t\t<input type=\"text\" id=\"wpforms-586-field_1\" class=\"wpforms-field-medium\" name=\"wpforms[fields][1]\" >\n\t\t<\/div>\n\t\t<div id=\"wpforms-586-field_5-container\" class=\"wpforms-field wpforms-field-number\" data-field-id=\"5\"><label class=\"wpforms-field-label\" for=\"wpforms-586-field_5\">Tel\u00e9fono \/ Celular <span class=\"wpforms-required-label\">*<\/span><\/label><input type=\"number\" id=\"wpforms-586-field_5\" class=\"wpforms-field-medium wpforms-field-required\" name=\"wpforms[fields][5]\" step=\"any\" required><\/div><div id=\"wpforms-586-field_6-container\" class=\"wpforms-field wpforms-field-select wpforms-field-select-style-classic\" data-field-id=\"6\"><label class=\"wpforms-field-label\" for=\"wpforms-586-field_6\">Desplegable <span class=\"wpforms-required-label\">*<\/span><\/label><select id=\"wpforms-586-field_6\" class=\"wpforms-field-medium wpforms-field-required\" name=\"wpforms[fields][6]\" required=\"required\"><option value=\"\" class=\"placeholder\" disabled  selected='selected'>-- Selecciona la opci\u00f3n --<\/option><option value=\"Transporte de carga masiva y semi-masiva\"  class=\"choice-1 depth-1\"  >Transporte de carga masiva y semi-masiva<\/option><option value=\"Desconsolidaci\u00f3n de contenedores (ITR)\"  class=\"choice-2 depth-1\"  >Desconsolidaci\u00f3n de contenedores (ITR)<\/option><option value=\"Declaraci\u00f3n de tr\u00e1mites aduaneros (DTA)\"  class=\"choice-3 depth-1\"  >Declaraci\u00f3n de tr\u00e1mites aduaneros (DTA)<\/option><option value=\"Control Veh\u00edcular\"  class=\"choice-4 depth-1\"  >Control Veh\u00edcular<\/option><option value=\"PQRS: Peticiones, Quejas, Reclamos y Sugerencias\"  class=\"choice-5 depth-1\"  >PQRS: Peticiones, Quejas, Reclamos y Sugerencias<\/option><\/select><\/div><div id=\"wpforms-586-field_7-container\" class=\"wpforms-field wpforms-field-checkbox\" data-field-id=\"7\"><label class=\"wpforms-field-label\">Acepto pol\u00edtica de tratamiento de datos <span class=\"wpforms-required-label\">*<\/span><\/label><ul id=\"wpforms-586-field_7\" class=\"wpforms-field-required\"><li class=\"choice-1 depth-1\"><input type=\"checkbox\" id=\"wpforms-586-field_7_1\" name=\"wpforms[fields][7][]\" value=\"He le\u00eddo y autorizo a Transmebacarga S.A.S. el tratamiento de mis datos personales con la finalidad de compartirme informaci\u00f3n relacionada con la empresa y para las dem\u00e1s finalidades contenidas en la &lt;a target=&quot;_blank&quot; href=&quot;https:\/\/www.transmebacarga.com\/wp-content\/uploads\/2025\/09\/PL-DE-SGI-007-POLITICA-DE-TRATAMIENTO-DE-DATOS.pdf&quot;&gt; Pol\u00edtica de tratamiento de datos&lt;\/a&gt;, donde se encuentran los canales de contacto y la forma de ejercer mis derechos a revocar la autorizaci\u00f3n, conocer, actualizar, rectificar y suprimir mi informaci\u00f3n.\" required ><label class=\"wpforms-field-label-inline\" for=\"wpforms-586-field_7_1\">He le\u00eddo y autorizo a Transmebacarga S.A.S. el tratamiento de mis datos personales con la finalidad de compartirme informaci\u00f3n relacionada con la empresa y para las dem\u00e1s finalidades contenidas en la <a target=\"_blank\" href=\"https:\/\/www.transmebacarga.com\/wp-content\/uploads\/2025\/09\/PL-DE-SGI-007-POLITICA-DE-TRATAMIENTO-DE-DATOS.pdf\"> Pol\u00edtica de tratamiento de datos<\/a>, donde se encuentran los canales de contacto y la forma de ejercer mis derechos a revocar la autorizaci\u00f3n, conocer, actualizar, rectificar y suprimir mi informaci\u00f3n.<\/label><\/li><\/ul><\/div><div id=\"wpforms-586-field_8-container\" class=\"wpforms-field wpforms-field-checkbox\" data-field-id=\"8\"><label class=\"wpforms-field-label\">Acepto Aviso de privacidad <span class=\"wpforms-required-label\">*<\/span><\/label><ul id=\"wpforms-586-field_8\" class=\"wpforms-field-required\"><li class=\"choice-1 depth-1\"><input type=\"checkbox\" id=\"wpforms-586-field_8_1\" name=\"wpforms[fields][8][]\" value=\"He le\u00eddo y autorizo &lt;a target=&quot;_blank&quot; href=&quot;https:\/\/www.transmebacarga.com\/wp-content\/uploads\/2025\/09\/SG-DE-SGI-035-AVISO-DE-PRIVACIDAD.pdf&quot;&gt; Aviso de privacidad&lt;\/a&gt;\" required ><label class=\"wpforms-field-label-inline\" for=\"wpforms-586-field_8_1\">He le\u00eddo y autorizo <a target=\"_blank\" href=\"https:\/\/www.transmebacarga.com\/wp-content\/uploads\/2025\/09\/SG-DE-SGI-035-AVISO-DE-PRIVACIDAD.pdf\"> Aviso de privacidad<\/a><\/label><\/li><\/ul><\/div><script>\n\t\t\t\t( function() {\n\t\t\t\t\tconst style = document.createElement( 'style' );\n\t\t\t\t\tstyle.appendChild( document.createTextNode( '#wpforms-586-field_1-container { position: absolute !important; overflow: hidden !important; display: inline !important; height: 1px !important; width: 1px !important; z-index: -1000 !important; padding: 0 !important; } #wpforms-586-field_1-container input { visibility: hidden; } #wpforms-conversational-form-page #wpforms-586-field_1-container label { counter-increment: none; }' ) );\n\t\t\t\t\tdocument.head.appendChild( style );\n\t\t\t\t\tdocument.currentScript?.remove();\n\t\t\t\t} )();\n\t\t\t<\/script><\/div><!-- .wpforms-field-container --><div class=\"wpforms-submit-container\" ><input type=\"hidden\" name=\"wpforms[id]\" value=\"586\"><input type=\"hidden\" name=\"page_title\" value=\"\"><input type=\"hidden\" name=\"page_url\" value=\"https:\/\/www.transmebacarga.com\/index.php?rest_route=\/wp\/v2\/pages\/272\"><input type=\"hidden\" name=\"url_referer\" value=\"\"><button type=\"submit\" name=\"wpforms[submit]\" id=\"wpforms-submit-586\" class=\"wpforms-submit\" data-alt-text=\"Enviando...\" data-submit-text=\"Enviar\" aria-live=\"assertive\" value=\"wpforms-submit\">Enviar<\/button><img loading=\"lazy\" decoding=\"async\" src=\"https:\/\/www.transmebacarga.com\/wp-content\/plugins\/wpforms-lite\/assets\/images\/submit-spin.svg\" class=\"wpforms-submit-spinner\" style=\"display: none;\" width=\"26\" height=\"26\" alt=\"Cargando\"><\/div><\/form><\/div>  <!-- .wpforms-container -->[\/vc_column][\/vc_row][vc_row][vc_column][vc_gmaps link=\u00bb#E-8_JTNDaWZyYW1lJTIwc3JjJTNEJTIyaHR0cHMlM0ElMkYlMkZ3d3cuZ29vZ2xlLmNvbSUyRm1hcHMlMkZlbWJlZCUzRnBiJTNEJTIxMW0xOCUyMTFtMTIlMjExbTMlMjExZDM5NjYuODUzMjc1NzAxNTA4JTIxMmQtNzUuNjM1MDA5MDg1NzM0MzglMjEzZDYuMTUwMzk4NDI5MDk1NjYzJTIxMm0zJTIxMWYwJTIxMmYwJTIxM2YwJTIxM20yJTIxMWkxMDI0JTIxMmk3NjglMjE0ZjEzLjElMjEzbTMlMjExbTIlMjExczB4OGU0NjgxMDljNjBmN2YzOSUyNTNBMHg0OGI3ZmZiZTA5ZTdhY2QlMjEyc0NsLiUyNTIwODQlMjUyMFN1ciUyNTIwJTI1MjM0MC0zNzUlMjUyQyUyNTIwTGElMjUyMEVzdHJlbGxhJTI1MkMlMjUyMEFudGlvcXVpYSUyMTVlMCUyMTNtMiUyMTFzZXMtNDE5JTIxMnNjbyUyMTR2MTYyODAyOTM1NTYwMSUyMTVtMiUyMTFzZXMtNDE5JTIxMnNjbyUyMiUyMHdpZHRoJTNEJTIyMTAwJTI1JTIyJTIwaGVpZ2h0JTNEJTIyNDAwJTIyJTIwc3R5bGUlM0QlMjJib3JkZXIlM0EwJTNCJTIyJTIwYWxsb3dmdWxsc2NyZWVuJTNEJTIyJTIyJTIwbG9hZGluZyUzRCUyMmxhenklMjIlM0UlM0MlMkZpZnJhbWUlM0U=\u00bb][\/vc_column][\/vc_row]<\/p>\n","protected":false},"excerpt":{"rendered":"<p>[vc_row full_width=\u00bbstretch_row_content_no_spaces\u00bb][vc_column][rev_slider_vc alias=\u00bbcontacto\u00bb][\/vc_column][\/vc_row][vc_row css=\u00bb.vc_custom_1627907448500{padding-top: 3% !important;padding-bottom: 3% !important;}\u00bb][vc_column][\/vc_column][\/vc_row][vc_row][vc_column][vc_gmaps link=\u00bb#E-8_JTNDaWZyYW1lJTIwc3JjJTNEJTIyaHR0cHMlM0ElMkYlMkZ3d3cuZ29vZ2xlLmNvbSUyRm1hcHMlMkZlbWJlZCUzRnBiJTNEJTIxMW0xOCUyMTFtMTIlMjExbTMlMjExZDM5NjYuODUzMjc1NzAxNTA4JTIxMmQtNzUuNjM1MDA5MDg1NzM0MzglMjEzZDYuMTUwMzk4NDI5MDk1NjYzJTIxMm0zJTIxMWYwJTIxMmYwJTIxM2YwJTIxM20yJTIxMWkxMDI0JTIxMmk3NjglMjE0ZjEzLjElMjEzbTMlMjExbTIlMjExczB4OGU0NjgxMDljNjBmN2YzOSUyNTNBMHg0OGI3ZmZiZTA5ZTdhY2QlMjEyc0NsLiUyNTIwODQlMjUyMFN1ciUyNTIwJTI1MjM0MC0zNzUlMjUyQyUyNTIwTGElMjUyMEVzdHJlbGxhJTI1MkMlMjUyMEFudGlvcXVpYSUyMTVlMCUyMTNtMiUyMTFzZXMtNDE5JTIxMnNjbyUyMTR2MTYyODAyOTM1NTYwMSUyMTVtMiUyMTFzZXMtNDE5JTIxMnNjbyUyMiUyMHdpZHRoJTNEJTIyMTAwJTI1JTIyJTIwaGVpZ2h0JTNEJTIyNDAwJTIyJTIwc3R5bGUlM0QlMjJib3JkZXIlM0EwJTNCJTIyJTIwYWxsb3dmdWxsc2NyZWVuJTNEJTIyJTIyJTIwbG9hZGluZyUzRCUyMmxhenklMjIlM0UlM0MlMkZpZnJhbWUlM0U=\u00bb][\/vc_column][\/vc_row]<\/p>\n","protected":false},"author":1,"featured_media":0,"parent":0,"menu_order":0,"comment_status":"closed","ping_status":"closed","template":"","meta":{"footnotes":""},"class_list":["post-272","page","type-page","status-publish","hentry"],"yoast_head":"<!-- This site is optimized with the Yoast SEO plugin v27.4 - https:\/\/yoast.com\/product\/yoast-seo-wordpress\/ -->\n<title>Cont\u00e1ctenos | Transmeba Carga<\/title>\n<meta name=\"robots\" content=\"noindex, follow, max-snippet:-1, max-image-preview:large, max-video-preview:-1\" \/>\n<meta property=\"og:locale\" content=\"es_ES\" \/>\n<meta property=\"og:type\" content=\"article\" \/>\n<meta property=\"og:title\" content=\"Cont\u00e1ctenos | Transmeba Carga\" \/>\n<meta property=\"og:description\" content=\"[vc_row full_width=\u00bbstretch_row_content_no_spaces\u00bb][vc_column][rev_slider_vc alias=\u00bbcontacto\u00bb][\/vc_column][\/vc_row][vc_row css=\u00bb.vc_custom_1627907448500{padding-top: 3% !important;padding-bottom: 3% !important;}\u00bb][vc_column][\/vc_column][\/vc_row][vc_row][vc_column][vc_gmaps link=\u00bb#E-8_JTNDaWZyYW1lJTIwc3JjJTNEJTIyaHR0cHMlM0ElMkYlMkZ3d3cuZ29vZ2xlLmNvbSUyRm1hcHMlMkZlbWJlZCUzRnBiJTNEJTIxMW0xOCUyMTFtMTIlMjExbTMlMjExZDM5NjYuODUzMjc1NzAxNTA4JTIxMmQtNzUuNjM1MDA5MDg1NzM0MzglMjEzZDYuMTUwMzk4NDI5MDk1NjYzJTIxMm0zJTIxMWYwJTIxMmYwJTIxM2YwJTIxM20yJTIxMWkxMDI0JTIxMmk3NjglMjE0ZjEzLjElMjEzbTMlMjExbTIlMjExczB4OGU0NjgxMDljNjBmN2YzOSUyNTNBMHg0OGI3ZmZiZTA5ZTdhY2QlMjEyc0NsLiUyNTIwODQlMjUyMFN1ciUyNTIwJTI1MjM0MC0zNzUlMjUyQyUyNTIwTGElMjUyMEVzdHJlbGxhJTI1MkMlMjUyMEFudGlvcXVpYSUyMTVlMCUyMTNtMiUyMTFzZXMtNDE5JTIxMnNjbyUyMTR2MTYyODAyOTM1NTYwMSUyMTVtMiUyMTFzZXMtNDE5JTIxMnNjbyUyMiUyMHdpZHRoJTNEJTIyMTAwJTI1JTIyJTIwaGVpZ2h0JTNEJTIyNDAwJTIyJTIwc3R5bGUlM0QlMjJib3JkZXIlM0EwJTNCJTIyJTIwYWxsb3dmdWxsc2NyZWVuJTNEJTIyJTIyJTIwbG9hZGluZyUzRCUyMmxhenklMjIlM0UlM0MlMkZpZnJhbWUlM0U=\u00bb][\/vc_column][\/vc_row]\" \/>\n<meta property=\"og:url\" content=\"https:\/\/www.transmebacarga.com\/?page_id=272\" \/>\n<meta property=\"og:site_name\" content=\"Transmeba Carga\" \/>\n<meta property=\"article:modified_time\" content=\"2025-09-11T02:37:49+00:00\" \/>\n<meta name=\"twitter:card\" content=\"summary_large_image\" \/>\n<meta name=\"twitter:label1\" content=\"Tiempo de lectura\" \/>\n\t<meta name=\"twitter:data1\" content=\"1 minuto\" \/>\n<script type=\"application\/ld+json\" class=\"yoast-schema-graph\">{\"@context\":\"https:\\\/\\\/schema.org\",\"@graph\":[{\"@type\":\"WebPage\",\"@id\":\"https:\\\/\\\/www.transmebacarga.com\\\/?page_id=272\",\"url\":\"https:\\\/\\\/www.transmebacarga.com\\\/?page_id=272\",\"name\":\"Cont\u00e1ctenos | Transmeba Carga\",\"isPartOf\":{\"@id\":\"https:\\\/\\\/www.transmebacarga.com\\\/#website\"},\"datePublished\":\"2021-05-31T23:55:00+00:00\",\"dateModified\":\"2025-09-11T02:37:49+00:00\",\"breadcrumb\":{\"@id\":\"https:\\\/\\\/www.transmebacarga.com\\\/?page_id=272#breadcrumb\"},\"inLanguage\":\"es\",\"potentialAction\":[{\"@type\":\"ReadAction\",\"target\":[\"https:\\\/\\\/www.transmebacarga.com\\\/?page_id=272\"]}]},{\"@type\":\"BreadcrumbList\",\"@id\":\"https:\\\/\\\/www.transmebacarga.com\\\/?page_id=272#breadcrumb\",\"itemListElement\":[{\"@type\":\"ListItem\",\"position\":1,\"name\":\"Portada\",\"item\":\"https:\\\/\\\/www.transmebacarga.com\\\/\"},{\"@type\":\"ListItem\",\"position\":2,\"name\":\"Cont\u00e1ctenos\"}]},{\"@type\":\"WebSite\",\"@id\":\"https:\\\/\\\/www.transmebacarga.com\\\/#website\",\"url\":\"https:\\\/\\\/www.transmebacarga.com\\\/\",\"name\":\"Transmeba Carga\",\"description\":\"\",\"potentialAction\":[{\"@type\":\"SearchAction\",\"target\":{\"@type\":\"EntryPoint\",\"urlTemplate\":\"https:\\\/\\\/www.transmebacarga.com\\\/?s={search_term_string}\"},\"query-input\":{\"@type\":\"PropertyValueSpecification\",\"valueRequired\":true,\"valueName\":\"search_term_string\"}}],\"inLanguage\":\"es\"}]}<\/script>\n<!-- \/ Yoast SEO plugin. -->","yoast_head_json":{"title":"Cont\u00e1ctenos | Transmeba Carga","robots":{"index":"noindex","follow":"follow","max-snippet":"max-snippet:-1","max-image-preview":"max-image-preview:large","max-video-preview":"max-video-preview:-1"},"og_locale":"es_ES","og_type":"article","og_title":"Cont\u00e1ctenos | Transmeba Carga","og_description":"[vc_row full_width=\u00bbstretch_row_content_no_spaces\u00bb][vc_column][rev_slider_vc alias=\u00bbcontacto\u00bb][\/vc_column][\/vc_row][vc_row css=\u00bb.vc_custom_1627907448500{padding-top: 3% !important;padding-bottom: 3% !important;}\u00bb][vc_column][\/vc_column][\/vc_row][vc_row][vc_column][vc_gmaps link=\u00bb#E-8_JTNDaWZyYW1lJTIwc3JjJTNEJTIyaHR0cHMlM0ElMkYlMkZ3d3cuZ29vZ2xlLmNvbSUyRm1hcHMlMkZlbWJlZCUzRnBiJTNEJTIxMW0xOCUyMTFtMTIlMjExbTMlMjExZDM5NjYuODUzMjc1NzAxNTA4JTIxMmQtNzUuNjM1MDA5MDg1NzM0MzglMjEzZDYuMTUwMzk4NDI5MDk1NjYzJTIxMm0zJTIxMWYwJTIxMmYwJTIxM2YwJTIxM20yJTIxMWkxMDI0JTIxMmk3NjglMjE0ZjEzLjElMjEzbTMlMjExbTIlMjExczB4OGU0NjgxMDljNjBmN2YzOSUyNTNBMHg0OGI3ZmZiZTA5ZTdhY2QlMjEyc0NsLiUyNTIwODQlMjUyMFN1ciUyNTIwJTI1MjM0MC0zNzUlMjUyQyUyNTIwTGElMjUyMEVzdHJlbGxhJTI1MkMlMjUyMEFudGlvcXVpYSUyMTVlMCUyMTNtMiUyMTFzZXMtNDE5JTIxMnNjbyUyMTR2MTYyODAyOTM1NTYwMSUyMTVtMiUyMTFzZXMtNDE5JTIxMnNjbyUyMiUyMHdpZHRoJTNEJTIyMTAwJTI1JTIyJTIwaGVpZ2h0JTNEJTIyNDAwJTIyJTIwc3R5bGUlM0QlMjJib3JkZXIlM0EwJTNCJTIyJTIwYWxsb3dmdWxsc2NyZWVuJTNEJTIyJTIyJTIwbG9hZGluZyUzRCUyMmxhenklMjIlM0UlM0MlMkZpZnJhbWUlM0U=\u00bb][\/vc_column][\/vc_row]","og_url":"https:\/\/www.transmebacarga.com\/?page_id=272","og_site_name":"Transmeba Carga","article_modified_time":"2025-09-11T02:37:49+00:00","twitter_card":"summary_large_image","twitter_misc":{"Tiempo de lectura":"1 minuto"},"schema":{"@context":"https:\/\/schema.org","@graph":[{"@type":"WebPage","@id":"https:\/\/www.transmebacarga.com\/?page_id=272","url":"https:\/\/www.transmebacarga.com\/?page_id=272","name":"Cont\u00e1ctenos | Transmeba Carga","isPartOf":{"@id":"https:\/\/www.transmebacarga.com\/#website"},"datePublished":"2021-05-31T23:55:00+00:00","dateModified":"2025-09-11T02:37:49+00:00","breadcrumb":{"@id":"https:\/\/www.transmebacarga.com\/?page_id=272#breadcrumb"},"inLanguage":"es","potentialAction":[{"@type":"ReadAction","target":["https:\/\/www.transmebacarga.com\/?page_id=272"]}]},{"@type":"BreadcrumbList","@id":"https:\/\/www.transmebacarga.com\/?page_id=272#breadcrumb","itemListElement":[{"@type":"ListItem","position":1,"name":"Portada","item":"https:\/\/www.transmebacarga.com\/"},{"@type":"ListItem","position":2,"name":"Cont\u00e1ctenos"}]},{"@type":"WebSite","@id":"https:\/\/www.transmebacarga.com\/#website","url":"https:\/\/www.transmebacarga.com\/","name":"Transmeba Carga","description":"","potentialAction":[{"@type":"SearchAction","target":{"@type":"EntryPoint","urlTemplate":"https:\/\/www.transmebacarga.com\/?s={search_term_string}"},"query-input":{"@type":"PropertyValueSpecification","valueRequired":true,"valueName":"search_term_string"}}],"inLanguage":"es"}]}},"_links":{"self":[{"href":"https:\/\/www.transmebacarga.com\/index.php?rest_route=\/wp\/v2\/pages\/272","targetHints":{"allow":["GET"]}}],"collection":[{"href":"https:\/\/www.transmebacarga.com\/index.php?rest_route=\/wp\/v2\/pages"}],"about":[{"href":"https:\/\/www.transmebacarga.com\/index.php?rest_route=\/wp\/v2\/types\/page"}],"author":[{"embeddable":true,"href":"https:\/\/www.transmebacarga.com\/index.php?rest_route=\/wp\/v2\/users\/1"}],"replies":[{"embeddable":true,"href":"https:\/\/www.transmebacarga.com\/index.php?rest_route=%2Fwp%2Fv2%2Fcomments&post=272"}],"version-history":[{"count":1,"href":"https:\/\/www.transmebacarga.com\/index.php?rest_route=\/wp\/v2\/pages\/272\/revisions"}],"predecessor-version":[{"id":592,"href":"https:\/\/www.transmebacarga.com\/index.php?rest_route=\/wp\/v2\/pages\/272\/revisions\/592"}],"wp:attachment":[{"href":"https:\/\/www.transmebacarga.com\/index.php?rest_route=%2Fwp%2Fv2%2Fmedia&parent=272"}],"curies":[{"name":"wp","href":"https:\/\/api.w.org\/{rel}","templated":true}]}}