{"id":287,"date":"2021-06-01T02:21:39","date_gmt":"2021-06-01T00:21:39","guid":{"rendered":"https:\/\/www.ecoweb.com.co\/nueva\/?page_id=287"},"modified":"2025-09-12T01:57:15","modified_gmt":"2025-09-11T14:27:15","slug":"que-servicios-ofrecemos","status":"publish","type":"page","link":"https:\/\/www.transmebacarga.com\/?page_id=287","title":{"rendered":"Que servicios ofrecemos?"},"content":{"rendered":"<p>[vc_row full_width=\u00bbstretch_row_content_no_spaces\u00bb][vc_column][rev_slider_vc alias=\u00bbservicios\u00bb][\/vc_column][\/vc_row][vc_row content_placement=\u00bbmiddle\u00bb css=\u00bb.vc_custom_1622502396702{padding-top: 80px !important;padding-bottom: 80px !important;}\u00bb][vc_column][vc_tta_tabs alignment=\u00bbcenter\u00bb active_section=\u00bb1&#8243;][vc_tta_section title=\u00bbTransporte de carga masiva y semi-masiva\u00bb tab_id=\u00bbTransporte-de-carga-masiva-y-semi-masiva\u00bb][vc_row_inner content_placement=\u00bbmiddle\u00bb css=\u00bb.vc_custom_1695411785144{padding-top: 50px !important;}\u00bb][vc_column_inner width=\u00bb1\/2&#8243;][vc_column_text]<\/p>\n<h1 class=\"text-md text-bolder\" style=\"color: #195ba8; font-size: 18pt !important;\">Transporte de Carga masiva y semi-masiva<\/h1>\n<p style=\"text-align: justify;\">Realizamos transporte de carga masiva que contempla una entrega y semi\u2013masiva que va de dos hasta cinco entregas por despacho en veh\u00edculos de diferente tipolog\u00eda teniendo en cuenta factores relacionados al peso &amp; volumen de la carga a transportar.<br \/>\n<a class=\"button bg-green color-white\" style=\"margin-top: 15px;\" href=\"https:\/\/api.whatsapp.com\/send\/?phone=573147270665&amp;text&amp;app_absent=0\" target=\"_blank\" rel=\"noopener\">Cont\u00e1ctenos<\/a><\/p>\n<p>[\/vc_column_text][\/vc_column_inner][vc_column_inner width=\u00bb1\/2&#8243;][vc_single_image image=\u00bb528&#8243; img_size=\u00bbfull\u00bb alignment=\u00bbcenter\u00bb][\/vc_column_inner][\/vc_row_inner][\/vc_tta_section][vc_tta_section title=\u00bbDesconsolidaci\u00f3n de contenedores (ITR)\u00bb tab_id=\u00bb1622507105160-f148c9a5-e619&#8243;][vc_row_inner content_placement=\u00bbmiddle\u00bb css=\u00bb.vc_custom_1622507633986{padding-top: 50px !important;}\u00bb][vc_column_inner width=\u00bb1\/2&#8243;][vc_single_image image=\u00bb307&#8243; img_size=\u00bbfull\u00bb alignment=\u00bbcenter\u00bb][\/vc_column_inner][vc_column_inner width=\u00bb1\/2&#8243;][vc_column_text]<\/p>\n<h1 class=\"text-md text-bolder\" style=\"color: #195ba8; font-size: 18pt !important;\">Desconsolidaci\u00f3n de contenedores (ITR)<\/h1>\n<p style=\"text-align: justify;\">Servicio integral en retiro de contenedor en puerto a patio, traslado a \u00e1rea log\u00edstica, clasifiaci\u00f3n e inspecci\u00f3n f\u00edsica de mercanc\u00eda, desconsolidaci\u00f3n de carga y devoluci\u00f3n de contenedor vacio de patio a puerto.<br \/>\n<a class=\"button bg-green color-white\" style=\"margin-top: 15px;\" href=\"https:\/\/api.whatsapp.com\/send\/?phone=573147270665&amp;text&amp;app_absent=0\" target=\"_blank\" rel=\"noopener\">Cont\u00e1ctenos<\/a><\/p>\n<p>[\/vc_column_text][\/vc_column_inner][\/vc_row_inner][\/vc_tta_section][vc_tta_section title=\u00bbControl Vehicular\u00bb tab_id=\u00bb1622507975765-aaadb3e7-8340&#8243;][vc_row_inner content_placement=\u00bbmiddle\u00bb css=\u00bb.vc_custom_1622508054258{padding-top: 50px !important;}\u00bb][vc_column_inner width=\u00bb1\/4&#8243;][vc_single_image image=\u00bb546&#8243; img_size=\u00bbfull\u00bb alignment=\u00bbcenter\u00bb][\/vc_column_inner][vc_column_inner width=\u00bb1\/4&#8243;][vc_single_image image=\u00bb547&#8243; img_size=\u00bbfull\u00bb alignment=\u00bbcenter\u00bb][\/vc_column_inner][vc_column_inner width=\u00bb1\/2&#8243;][vc_column_text]<\/p>\n<h1 class=\"text-md text-bolder\" style=\"color: #195ba8; font-size: 18pt !important;\">Control Vehicular<\/h1>\n<p style=\"text-align: justify;\">Monitoreo privado de veh\u00edculos las 24 horas del d\u00eda a trav\u00e9s de Internet en tiempo real. Control de todas las operaciones de nuestros clientes enfocados en mantener la seguridad y mejorar la eficiencia.<br \/>\n<a class=\"button bg-green color-white\" style=\"margin-top: 15px;\" href=\"https:\/\/api.whatsapp.com\/send\/?phone=573147270665&amp;text&amp;app_absent=0\" target=\"_blank\" rel=\"noopener\">Cont\u00e1ctenos<\/a><\/p>\n<p>[\/vc_column_text][\/vc_column_inner][\/vc_row_inner][\/vc_tta_section][\/vc_tta_tabs][\/vc_column][\/vc_row]<\/p>\n","protected":false},"excerpt":{"rendered":"<p>[vc_row full_width=\u00bbstretch_row_content_no_spaces\u00bb][vc_column][rev_slider_vc alias=\u00bbservicios\u00bb][\/vc_column][\/vc_row][vc_row content_placement=\u00bbmiddle\u00bb css=\u00bb.vc_custom_1622502396702{padding-top: 80px !important;padding-bottom: 80px !important;}\u00bb][vc_column][vc_tta_tabs alignment=\u00bbcenter\u00bb active_section=\u00bb1&#8243;][vc_tta_section title=\u00bbTransporte de carga masiva y semi-masiva\u00bb tab_id=\u00bbTransporte-de-carga-masiva-y-semi-masiva\u00bb][vc_row_inner content_placement=\u00bbmiddle\u00bb css=\u00bb.vc_custom_1695411785144{padding-top:&#8230;<\/p>\n","protected":false},"author":1,"featured_media":0,"parent":0,"menu_order":0,"comment_status":"closed","ping_status":"closed","template":"","meta":{"footnotes":""},"class_list":["post-287","page","type-page","status-publish","hentry"],"yoast_head":"<!-- This site is optimized with the Yoast SEO plugin v27.4 - https:\/\/yoast.com\/product\/yoast-seo-wordpress\/ -->\n<title>Que servicios ofrecemos? | Transmeba Carga<\/title>\n<meta name=\"robots\" content=\"noindex, follow, max-snippet:-1, max-image-preview:large, max-video-preview:-1\" \/>\n<meta property=\"og:locale\" content=\"es_ES\" \/>\n<meta property=\"og:type\" content=\"article\" \/>\n<meta property=\"og:title\" content=\"Que servicios ofrecemos? | Transmeba Carga\" \/>\n<meta property=\"og:description\" content=\"[vc_row full_width=\u00bbstretch_row_content_no_spaces\u00bb][vc_column][rev_slider_vc alias=\u00bbservicios\u00bb][\/vc_column][\/vc_row][vc_row content_placement=\u00bbmiddle\u00bb css=\u00bb.vc_custom_1622502396702{padding-top: 80px !important;padding-bottom: 80px !important;}\u00bb][vc_column][vc_tta_tabs alignment=\u00bbcenter\u00bb active_section=\u00bb1&#8243;][vc_tta_section title=\u00bbTransporte de carga masiva y semi-masiva\u00bb tab_id=\u00bbTransporte-de-carga-masiva-y-semi-masiva\u00bb][vc_row_inner content_placement=\u00bbmiddle\u00bb css=\u00bb.vc_custom_1695411785144{padding-top:...\" \/>\n<meta property=\"og:url\" content=\"https:\/\/www.transmebacarga.com\/?page_id=287\" \/>\n<meta property=\"og:site_name\" content=\"Transmeba Carga\" \/>\n<meta property=\"article:modified_time\" content=\"2025-09-11T14:27:15+00:00\" \/>\n<meta name=\"twitter:card\" content=\"summary_large_image\" \/>\n<meta name=\"twitter:label1\" content=\"Tiempo de lectura\" \/>\n\t<meta name=\"twitter:data1\" content=\"1 minuto\" \/>\n<script type=\"application\/ld+json\" class=\"yoast-schema-graph\">{\"@context\":\"https:\\\/\\\/schema.org\",\"@graph\":[{\"@type\":\"WebPage\",\"@id\":\"https:\\\/\\\/www.transmebacarga.com\\\/?page_id=287\",\"url\":\"https:\\\/\\\/www.transmebacarga.com\\\/?page_id=287\",\"name\":\"Que servicios ofrecemos? | Transmeba Carga\",\"isPartOf\":{\"@id\":\"https:\\\/\\\/www.transmebacarga.com\\\/#website\"},\"datePublished\":\"2021-06-01T00:21:39+00:00\",\"dateModified\":\"2025-09-11T14:27:15+00:00\",\"breadcrumb\":{\"@id\":\"https:\\\/\\\/www.transmebacarga.com\\\/?page_id=287#breadcrumb\"},\"inLanguage\":\"es\",\"potentialAction\":[{\"@type\":\"ReadAction\",\"target\":[\"https:\\\/\\\/www.transmebacarga.com\\\/?page_id=287\"]}]},{\"@type\":\"BreadcrumbList\",\"@id\":\"https:\\\/\\\/www.transmebacarga.com\\\/?page_id=287#breadcrumb\",\"itemListElement\":[{\"@type\":\"ListItem\",\"position\":1,\"name\":\"Portada\",\"item\":\"https:\\\/\\\/www.transmebacarga.com\\\/\"},{\"@type\":\"ListItem\",\"position\":2,\"name\":\"Que servicios ofrecemos?\"}]},{\"@type\":\"WebSite\",\"@id\":\"https:\\\/\\\/www.transmebacarga.com\\\/#website\",\"url\":\"https:\\\/\\\/www.transmebacarga.com\\\/\",\"name\":\"Transmeba Carga\",\"description\":\"\",\"potentialAction\":[{\"@type\":\"SearchAction\",\"target\":{\"@type\":\"EntryPoint\",\"urlTemplate\":\"https:\\\/\\\/www.transmebacarga.com\\\/?s={search_term_string}\"},\"query-input\":{\"@type\":\"PropertyValueSpecification\",\"valueRequired\":true,\"valueName\":\"search_term_string\"}}],\"inLanguage\":\"es\"}]}<\/script>\n<!-- \/ Yoast SEO plugin. -->","yoast_head_json":{"title":"Que servicios ofrecemos? | Transmeba Carga","robots":{"index":"noindex","follow":"follow","max-snippet":"max-snippet:-1","max-image-preview":"max-image-preview:large","max-video-preview":"max-video-preview:-1"},"og_locale":"es_ES","og_type":"article","og_title":"Que servicios ofrecemos? | Transmeba Carga","og_description":"[vc_row full_width=\u00bbstretch_row_content_no_spaces\u00bb][vc_column][rev_slider_vc alias=\u00bbservicios\u00bb][\/vc_column][\/vc_row][vc_row content_placement=\u00bbmiddle\u00bb css=\u00bb.vc_custom_1622502396702{padding-top: 80px !important;padding-bottom: 80px !important;}\u00bb][vc_column][vc_tta_tabs alignment=\u00bbcenter\u00bb active_section=\u00bb1&#8243;][vc_tta_section title=\u00bbTransporte de carga masiva y semi-masiva\u00bb tab_id=\u00bbTransporte-de-carga-masiva-y-semi-masiva\u00bb][vc_row_inner content_placement=\u00bbmiddle\u00bb css=\u00bb.vc_custom_1695411785144{padding-top:...","og_url":"https:\/\/www.transmebacarga.com\/?page_id=287","og_site_name":"Transmeba Carga","article_modified_time":"2025-09-11T14:27:15+00:00","twitter_card":"summary_large_image","twitter_misc":{"Tiempo de lectura":"1 minuto"},"schema":{"@context":"https:\/\/schema.org","@graph":[{"@type":"WebPage","@id":"https:\/\/www.transmebacarga.com\/?page_id=287","url":"https:\/\/www.transmebacarga.com\/?page_id=287","name":"Que servicios ofrecemos? | Transmeba Carga","isPartOf":{"@id":"https:\/\/www.transmebacarga.com\/#website"},"datePublished":"2021-06-01T00:21:39+00:00","dateModified":"2025-09-11T14:27:15+00:00","breadcrumb":{"@id":"https:\/\/www.transmebacarga.com\/?page_id=287#breadcrumb"},"inLanguage":"es","potentialAction":[{"@type":"ReadAction","target":["https:\/\/www.transmebacarga.com\/?page_id=287"]}]},{"@type":"BreadcrumbList","@id":"https:\/\/www.transmebacarga.com\/?page_id=287#breadcrumb","itemListElement":[{"@type":"ListItem","position":1,"name":"Portada","item":"https:\/\/www.transmebacarga.com\/"},{"@type":"ListItem","position":2,"name":"Que servicios ofrecemos?"}]},{"@type":"WebSite","@id":"https:\/\/www.transmebacarga.com\/#website","url":"https:\/\/www.transmebacarga.com\/","name":"Transmeba Carga","description":"","potentialAction":[{"@type":"SearchAction","target":{"@type":"EntryPoint","urlTemplate":"https:\/\/www.transmebacarga.com\/?s={search_term_string}"},"query-input":{"@type":"PropertyValueSpecification","valueRequired":true,"valueName":"search_term_string"}}],"inLanguage":"es"}]}},"_links":{"self":[{"href":"https:\/\/www.transmebacarga.com\/index.php?rest_route=\/wp\/v2\/pages\/287","targetHints":{"allow":["GET"]}}],"collection":[{"href":"https:\/\/www.transmebacarga.com\/index.php?rest_route=\/wp\/v2\/pages"}],"about":[{"href":"https:\/\/www.transmebacarga.com\/index.php?rest_route=\/wp\/v2\/types\/page"}],"author":[{"embeddable":true,"href":"https:\/\/www.transmebacarga.com\/index.php?rest_route=\/wp\/v2\/users\/1"}],"replies":[{"embeddable":true,"href":"https:\/\/www.transmebacarga.com\/index.php?rest_route=%2Fwp%2Fv2%2Fcomments&post=287"}],"version-history":[{"count":7,"href":"https:\/\/www.transmebacarga.com\/index.php?rest_route=\/wp\/v2\/pages\/287\/revisions"}],"predecessor-version":[{"id":639,"href":"https:\/\/www.transmebacarga.com\/index.php?rest_route=\/wp\/v2\/pages\/287\/revisions\/639"}],"wp:attachment":[{"href":"https:\/\/www.transmebacarga.com\/index.php?rest_route=%2Fwp%2Fv2%2Fmedia&parent=287"}],"curies":[{"name":"wp","href":"https:\/\/api.w.org\/{rel}","templated":true}]}}